{"id":8001,"date":"2023-06-13T15:25:02","date_gmt":"2023-06-13T12:25:02","guid":{"rendered":"https:\/\/kaltiot.com\/?post_type=product&#038;p=8001"},"modified":"2023-06-22T14:13:33","modified_gmt":"2023-06-22T11:13:33","slug":"acrios-pulse-iot-converter","status":"publish","type":"product","link":"https:\/\/kaltiot.com\/en\/product\/acrios-pulse-iot-converter\/","title":{"rendered":"Acrios Pulse IoT Converter"},"content":{"rendered":"<p>Voidaan liitt\u00e4\u00e4 koneisiin, jotka tuottavat j\u00e4nnitepulsseja. Esimerkiksi ruiskupuristin voi antaa j\u00e4nnitepulsin joka kerta kun se on tehnyt puristuksen. T\u00e4ll\u00e4 tavalla voidaan laske koneen valmistamien kappaleiden m\u00e4\u00e4r\u00e4.<\/p>\n<p>Laite toimii 0-24V j\u00e4nnitealueella.<\/p>\n","protected":false},"excerpt":{"rendered":"<p>Laskee j\u00e4nnitepulsseja.<\/p>\n","protected":false},"featured_media":8070,"template":"","meta":{"_et_pb_use_builder":"","_et_pb_old_content":"","_et_gb_content_width":"","om_disable_all_campaigns":false},"product_brand":[],"product_cat":[309],"product_tag":[],"class_list":{"0":"post-8001","1":"product","2":"type-product","3":"status-publish","4":"has-post-thumbnail","6":"product_cat-yhdistetyt-iot-sensorit","8":"first","9":"instock","10":"shipping-taxable","11":"product-type-simple"},"_links":{"self":[{"href":"https:\/\/kaltiot.com\/en\/wp-json\/wp\/v2\/product\/8001","targetHints":{"allow":["GET"]}}],"collection":[{"href":"https:\/\/kaltiot.com\/en\/wp-json\/wp\/v2\/product"}],"about":[{"href":"https:\/\/kaltiot.com\/en\/wp-json\/wp\/v2\/types\/product"}],"wp:featuredmedia":[{"embeddable":true,"href":"https:\/\/kaltiot.com\/en\/wp-json\/wp\/v2\/media\/8070"}],"wp:attachment":[{"href":"https:\/\/kaltiot.com\/en\/wp-json\/wp\/v2\/media?parent=8001"}],"wp:term":[{"taxonomy":"product_brand","embeddable":true,"href":"https:\/\/kaltiot.com\/en\/wp-json\/wp\/v2\/product_brand?post=8001"},{"taxonomy":"product_cat","embeddable":true,"href":"https:\/\/kaltiot.com\/en\/wp-json\/wp\/v2\/product_cat?post=8001"},{"taxonomy":"product_tag","embeddable":true,"href":"https:\/\/kaltiot.com\/en\/wp-json\/wp\/v2\/product_tag?post=8001"}],"curies":[{"name":"wp","href":"https:\/\/api.w.org\/{rel}","templated":true}]}}