{"id":8002,"date":"2023-06-13T15:25:02","date_gmt":"2023-06-13T12:25:02","guid":{"rendered":"https:\/\/kaltiot.com\/?post_type=product&#038;p=8002"},"modified":"2023-06-22T14:13:33","modified_gmt":"2023-06-22T11:13:33","slug":"dragino-ldds75","status":"publish","type":"product","link":"https:\/\/kaltiot.com\/en\/product\/dragino-ldds75\/","title":{"rendered":"Dragino LDDS75"},"content":{"rendered":"<p>Paristok\u00e4ytt\u00f6inen, ultra\u00e4\u00e4niteknologiaan perustuva, l\u00e4mp\u00f6tilakompensoitu et\u00e4isyyssensori sis\u00e4- ja ulkok\u00e4ytt\u00f6\u00f6n. Ilmoittaa et\u00e4isyyden sensorin ja tasaisen kohteen v\u00e4lill\u00e4. Voidaan k\u00e4ytt\u00e4\u00e4 esimerkiksi lumensyyvyyden, nestetason, t\u00e4ytt\u00f6asteen mittaamiseen. Toimii my\u00f6s kappalem\u00e4\u00e4rien laskemiseen ja esineiden paikallaolon tunnistamiseen. Saatavilla my\u00f6s tutkaan perustuva versio.<\/p>\n","protected":false},"excerpt":{"rendered":"<p>Edullinen et\u00e4isyyssensori sis\u00e4- ja ulkok\u00e4ytt\u00f6\u00f6n.<\/p>\n","protected":false},"featured_media":8072,"template":"","meta":{"_et_pb_use_builder":"","_et_pb_old_content":"","_et_gb_content_width":"","om_disable_all_campaigns":false},"product_brand":[],"product_cat":[309],"product_tag":[],"class_list":{"0":"post-8002","1":"product","2":"type-product","3":"status-publish","4":"has-post-thumbnail","6":"product_cat-yhdistetyt-iot-sensorit","8":"first","9":"instock","10":"shipping-taxable","11":"product-type-simple"},"_links":{"self":[{"href":"https:\/\/kaltiot.com\/en\/wp-json\/wp\/v2\/product\/8002","targetHints":{"allow":["GET"]}}],"collection":[{"href":"https:\/\/kaltiot.com\/en\/wp-json\/wp\/v2\/product"}],"about":[{"href":"https:\/\/kaltiot.com\/en\/wp-json\/wp\/v2\/types\/product"}],"wp:featuredmedia":[{"embeddable":true,"href":"https:\/\/kaltiot.com\/en\/wp-json\/wp\/v2\/media\/8072"}],"wp:attachment":[{"href":"https:\/\/kaltiot.com\/en\/wp-json\/wp\/v2\/media?parent=8002"}],"wp:term":[{"taxonomy":"product_brand","embeddable":true,"href":"https:\/\/kaltiot.com\/en\/wp-json\/wp\/v2\/product_brand?post=8002"},{"taxonomy":"product_cat","embeddable":true,"href":"https:\/\/kaltiot.com\/en\/wp-json\/wp\/v2\/product_cat?post=8002"},{"taxonomy":"product_tag","embeddable":true,"href":"https:\/\/kaltiot.com\/en\/wp-json\/wp\/v2\/product_tag?post=8002"}],"curies":[{"name":"wp","href":"https:\/\/api.w.org\/{rel}","templated":true}]}}