{"id":8003,"date":"2023-06-13T15:25:02","date_gmt":"2023-06-13T12:25:02","guid":{"rendered":"https:\/\/kaltiot.com\/?post_type=product&#038;p=8003"},"modified":"2023-06-22T14:13:33","modified_gmt":"2023-06-22T11:13:33","slug":"dragino-lht65s","status":"publish","type":"product","link":"https:\/\/kaltiot.com\/en\/product\/dragino-lht65s\/","title":{"rendered":"Dragino LHT65S"},"content":{"rendered":"<p>L\u00e4mp\u00f6tila- ja kosteusanturi ulkoisella l\u00e4mp\u00f6tila-anturilla sis\u00e4k\u00e4ytt\u00f6\u00f6n. Varustettu 2400mAh paristolla jolla voidaan saavuttaa jopa 10v k\u00e4ytt\u00f6ik\u00e4. Sis\u00e4lt\u00e4\u00e4 sis\u00e4isen muistin dataloggausta varten. Eritt\u00e4in hyv\u00e4 radioperformance.<\/p>\n","protected":false},"excerpt":{"rendered":"<p>L\u00e4mp\u00f6tila- ja kosteusanturi ulkoisella l\u00e4mp\u00f6tila-anturilla sis\u00e4k\u00e4ytt\u00f6\u00f6n.<\/p>\n","protected":false},"featured_media":7400,"template":"","meta":{"_et_pb_use_builder":"","_et_pb_old_content":"","_et_gb_content_width":"","om_disable_all_campaigns":false},"product_brand":[],"product_cat":[309],"product_tag":[],"class_list":{"0":"post-8003","1":"product","2":"type-product","3":"status-publish","4":"has-post-thumbnail","6":"product_cat-yhdistetyt-iot-sensorit","8":"first","9":"instock","10":"shipping-taxable","11":"product-type-simple"},"_links":{"self":[{"href":"https:\/\/kaltiot.com\/en\/wp-json\/wp\/v2\/product\/8003","targetHints":{"allow":["GET"]}}],"collection":[{"href":"https:\/\/kaltiot.com\/en\/wp-json\/wp\/v2\/product"}],"about":[{"href":"https:\/\/kaltiot.com\/en\/wp-json\/wp\/v2\/types\/product"}],"wp:featuredmedia":[{"embeddable":true,"href":"https:\/\/kaltiot.com\/en\/wp-json\/wp\/v2\/media\/7400"}],"wp:attachment":[{"href":"https:\/\/kaltiot.com\/en\/wp-json\/wp\/v2\/media?parent=8003"}],"wp:term":[{"taxonomy":"product_brand","embeddable":true,"href":"https:\/\/kaltiot.com\/en\/wp-json\/wp\/v2\/product_brand?post=8003"},{"taxonomy":"product_cat","embeddable":true,"href":"https:\/\/kaltiot.com\/en\/wp-json\/wp\/v2\/product_cat?post=8003"},{"taxonomy":"product_tag","embeddable":true,"href":"https:\/\/kaltiot.com\/en\/wp-json\/wp\/v2\/product_tag?post=8003"}],"curies":[{"name":"wp","href":"https:\/\/api.w.org\/{rel}","templated":true}]}}