{"id":8009,"date":"2023-06-13T15:25:02","date_gmt":"2023-06-13T12:25:02","guid":{"rendered":"https:\/\/kaltiot.com\/?post_type=product&#038;p=8009"},"modified":"2023-06-22T14:13:33","modified_gmt":"2023-06-22T11:13:33","slug":"elsys-ers2-co2","status":"publish","type":"product","link":"https:\/\/kaltiot.com\/en\/product\/elsys-ers2-co2\/","title":{"rendered":"Elsys ERS2 CO2"},"content":{"rendered":"<p>Laadukas ja edullinen ilmanlaatuanturi sis\u00e4k\u00e4ytt\u00f6\u00f6n. Anturissa on sis\u00e4\u00e4nrakennetut sensorit l\u00e4mp\u00f6tilan, suhteellisen ilmankosteuden mittaamiseen, valon voimakkuuden, liikkeen havaitsemiseen ja hiilidioksidin m\u00e4\u00e4r\u00e4n mittaamiseksi.<\/p>\n<p>Vaihdettavissa oleva 3.6V litiumparisto. Pariston kesto jopa 10v saakka, laskettu 10min n\u00e4ytteenottotaajuudella.<\/p>\n","protected":false},"excerpt":{"rendered":"<p>Soveltuu hiilidioksidin m\u00e4\u00e4r\u00e4n mittaamiseen sis\u00e4k\u00e4yt\u00f6ss\u00e4.<\/p>\n","protected":false},"featured_media":4232,"template":"","meta":{"_et_pb_use_builder":"","_et_pb_old_content":"","_et_gb_content_width":"","om_disable_all_campaigns":false},"product_brand":[],"product_cat":[309],"product_tag":[],"class_list":{"0":"post-8009","1":"product","2":"type-product","3":"status-publish","4":"has-post-thumbnail","6":"product_cat-yhdistetyt-iot-sensorit","8":"first","9":"instock","10":"shipping-taxable","11":"product-type-simple"},"_links":{"self":[{"href":"https:\/\/kaltiot.com\/en\/wp-json\/wp\/v2\/product\/8009","targetHints":{"allow":["GET"]}}],"collection":[{"href":"https:\/\/kaltiot.com\/en\/wp-json\/wp\/v2\/product"}],"about":[{"href":"https:\/\/kaltiot.com\/en\/wp-json\/wp\/v2\/types\/product"}],"wp:featuredmedia":[{"embeddable":true,"href":"https:\/\/kaltiot.com\/en\/wp-json\/wp\/v2\/media\/4232"}],"wp:attachment":[{"href":"https:\/\/kaltiot.com\/en\/wp-json\/wp\/v2\/media?parent=8009"}],"wp:term":[{"taxonomy":"product_brand","embeddable":true,"href":"https:\/\/kaltiot.com\/en\/wp-json\/wp\/v2\/product_brand?post=8009"},{"taxonomy":"product_cat","embeddable":true,"href":"https:\/\/kaltiot.com\/en\/wp-json\/wp\/v2\/product_cat?post=8009"},{"taxonomy":"product_tag","embeddable":true,"href":"https:\/\/kaltiot.com\/en\/wp-json\/wp\/v2\/product_tag?post=8009"}],"curies":[{"name":"wp","href":"https:\/\/api.w.org\/{rel}","templated":true}]}}