{"id":8013,"date":"2023-06-13T15:25:03","date_gmt":"2023-06-13T12:25:03","guid":{"rendered":"https:\/\/kaltiot.com\/?post_type=product&#038;p=8013"},"modified":"2024-04-09T13:35:35","modified_gmt":"2024-04-09T10:35:35","slug":"kaltiot-iot-gateway","status":"publish","type":"product","link":"https:\/\/kaltiot.com\/en\/product\/kaltiot-iot-gateway\/","title":{"rendered":"Langaton IOT Gateway"},"content":{"rendered":"<p>Akkuk\u00e4ytt\u00f6inen eritt\u00e4in v\u00e4h\u00e4virtainen Gateway joka lukee sensorien datat configuroitavalla. Laitteessa on sis\u00e4isi\u00e4 sensoreita mm. l\u00e4mp\u00f6tila. Laite soveltuu sek\u00e4 ulko ja sis\u00e4k\u00e4ytt\u00f6\u00f6n (kotelointi huomioitava). Laitteeseen on mahdollisuus kytke\u00e4 ulkopuolisia laitteita, esim BLE, 1-wire tai I2C. Laitteessa on my\u00f6s mahdollisuus ulkopuoliseen j\u00e4nnitel\u00e4hteeseen jolla voi ladata sis\u00e4ist\u00e4 akkua. 5-8VDC latausj\u00e4nnite. Laitteen saa sis\u00e4isell\u00e4 antennilla tai siihen voidaan kytke\u00e4 my\u00f6s ulkoinen tehokkaampi antenni. Tukee LTE-M ja NB-IOT radioratkaisuja.<\/p>\n","protected":false},"excerpt":{"rendered":"<p>Akkuk\u00e4ytt\u00f6inen Gateway joka lukee sensorien datat halutulla frekvenssill\u00e4.<\/p>\n","protected":false},"featured_media":8830,"template":"","meta":{"_et_pb_use_builder":"","_et_pb_old_content":"","_et_gb_content_width":"","om_disable_all_campaigns":false},"product_brand":[],"product_cat":[196],"product_tag":[],"class_list":{"0":"post-8013","1":"product","2":"type-product","3":"status-publish","4":"has-post-thumbnail","6":"product_cat-iot-yhdyskaytavat-tukiasemat","8":"first","9":"instock","10":"shipping-taxable","11":"product-type-simple"},"_links":{"self":[{"href":"https:\/\/kaltiot.com\/en\/wp-json\/wp\/v2\/product\/8013","targetHints":{"allow":["GET"]}}],"collection":[{"href":"https:\/\/kaltiot.com\/en\/wp-json\/wp\/v2\/product"}],"about":[{"href":"https:\/\/kaltiot.com\/en\/wp-json\/wp\/v2\/types\/product"}],"wp:featuredmedia":[{"embeddable":true,"href":"https:\/\/kaltiot.com\/en\/wp-json\/wp\/v2\/media\/8830"}],"wp:attachment":[{"href":"https:\/\/kaltiot.com\/en\/wp-json\/wp\/v2\/media?parent=8013"}],"wp:term":[{"taxonomy":"product_brand","embeddable":true,"href":"https:\/\/kaltiot.com\/en\/wp-json\/wp\/v2\/product_brand?post=8013"},{"taxonomy":"product_cat","embeddable":true,"href":"https:\/\/kaltiot.com\/en\/wp-json\/wp\/v2\/product_cat?post=8013"},{"taxonomy":"product_tag","embeddable":true,"href":"https:\/\/kaltiot.com\/en\/wp-json\/wp\/v2\/product_tag?post=8013"}],"curies":[{"name":"wp","href":"https:\/\/api.w.org\/{rel}","templated":true}]}}